{"id":260,"date":"2024-04-17T07:01:27","date_gmt":"2024-04-17T05:01:27","guid":{"rendered":"https:\/\/olivinaevo.com\/?page_id=260"},"modified":"2026-03-19T06:54:25","modified_gmt":"2026-03-19T05:54:25","slug":"percorso-storico-culturale-sensoriale","status":"publish","type":"page","link":"https:\/\/olivinaevo.com\/index.php\/experiences\/percorso-storico-culturale-sensoriale\/","title":{"rendered":"FOOD TOUR"},"content":{"rendered":"\n<div class=\"wp-block-jetpack-tiled-gallery aligncenter is-style-rectangular\"><div class=\"\"><div class=\"tiled-gallery__gallery\"><div class=\"tiled-gallery__row\"><div class=\"tiled-gallery__col\" style=\"flex-basis:66.76780%\"><figure class=\"tiled-gallery__item\"><img decoding=\"async\" srcset=\"https:\/\/i0.wp.com\/olivinaevo.com\/wp-content\/uploads\/2024\/05\/photo_2024-05-28_21-28-45-1024x683.jpg?strip=info&#038;w=600&#038;ssl=1 600w,https:\/\/i0.wp.com\/olivinaevo.com\/wp-content\/uploads\/2024\/05\/photo_2024-05-28_21-28-45-1024x683.jpg?strip=info&#038;w=900&#038;ssl=1 900w,https:\/\/i0.wp.com\/olivinaevo.com\/wp-content\/uploads\/2024\/05\/photo_2024-05-28_21-28-45-1024x683.jpg?strip=info&#038;w=1200&#038;ssl=1 1200w,https:\/\/i0.wp.com\/olivinaevo.com\/wp-content\/uploads\/2024\/05\/photo_2024-05-28_21-28-45-1024x683.jpg?strip=info&#038;w=1280&#038;ssl=1 1280w\" alt=\"\" data-height=\"854\" data-id=\"422\" data-link=\"https:\/\/olivinaevo.com\/index.php\/experiences\/percorso-storico-culturale-sensoriale\/photo_2024-05-28_21-28-45\/\" data-url=\"https:\/\/olivinaevo.com\/wp-content\/uploads\/2024\/05\/photo_2024-05-28_21-28-45-1024x683.jpg\" data-width=\"1280\" src=\"https:\/\/i0.wp.com\/olivinaevo.com\/wp-content\/uploads\/2024\/05\/photo_2024-05-28_21-28-45-1024x683.jpg?ssl=1\" data-amp-layout=\"responsive\"\/><\/figure><\/div><div class=\"tiled-gallery__col\" style=\"flex-basis:33.23220%\"><figure class=\"tiled-gallery__item\"><img decoding=\"async\" srcset=\"https:\/\/i0.wp.com\/olivinaevo.com\/wp-content\/uploads\/2024\/05\/photo_2024-05-28_21-28-49-2-1024x683.jpg?strip=info&#038;w=600&#038;ssl=1 600w,https:\/\/i0.wp.com\/olivinaevo.com\/wp-content\/uploads\/2024\/05\/photo_2024-05-28_21-28-49-2-1024x683.jpg?strip=info&#038;w=900&#038;ssl=1 900w,https:\/\/i0.wp.com\/olivinaevo.com\/wp-content\/uploads\/2024\/05\/photo_2024-05-28_21-28-49-2-1024x683.jpg?strip=info&#038;w=1200&#038;ssl=1 1200w,https:\/\/i0.wp.com\/olivinaevo.com\/wp-content\/uploads\/2024\/05\/photo_2024-05-28_21-28-49-2-1024x683.jpg?strip=info&#038;w=1280&#038;ssl=1 1280w\" alt=\"\" data-height=\"854\" data-id=\"419\" data-link=\"https:\/\/olivinaevo.com\/index.php\/experiences\/percorso-storico-culturale-sensoriale\/photo_2024-05-28_21-28-49-2\/\" data-url=\"https:\/\/olivinaevo.com\/wp-content\/uploads\/2024\/05\/photo_2024-05-28_21-28-49-2-1024x683.jpg\" data-width=\"1280\" src=\"https:\/\/i0.wp.com\/olivinaevo.com\/wp-content\/uploads\/2024\/05\/photo_2024-05-28_21-28-49-2-1024x683.jpg?ssl=1\" data-amp-layout=\"responsive\"\/><\/figure><figure class=\"tiled-gallery__item\"><img decoding=\"async\" srcset=\"https:\/\/i0.wp.com\/olivinaevo.com\/wp-content\/uploads\/2024\/05\/photo_2024-05-28_21-28-49-1024x683.jpg?strip=info&#038;w=600&#038;ssl=1 600w,https:\/\/i0.wp.com\/olivinaevo.com\/wp-content\/uploads\/2024\/05\/photo_2024-05-28_21-28-49-1024x683.jpg?strip=info&#038;w=900&#038;ssl=1 900w,https:\/\/i0.wp.com\/olivinaevo.com\/wp-content\/uploads\/2024\/05\/photo_2024-05-28_21-28-49-1024x683.jpg?strip=info&#038;w=1200&#038;ssl=1 1200w,https:\/\/i0.wp.com\/olivinaevo.com\/wp-content\/uploads\/2024\/05\/photo_2024-05-28_21-28-49-1024x683.jpg?strip=info&#038;w=1280&#038;ssl=1 1280w\" alt=\"\" data-height=\"854\" data-id=\"420\" data-link=\"https:\/\/olivinaevo.com\/index.php\/experiences\/percorso-storico-culturale-sensoriale\/photo_2024-05-28_21-28-49\/\" data-url=\"https:\/\/olivinaevo.com\/wp-content\/uploads\/2024\/05\/photo_2024-05-28_21-28-49-1024x683.jpg\" data-width=\"1280\" src=\"https:\/\/i0.wp.com\/olivinaevo.com\/wp-content\/uploads\/2024\/05\/photo_2024-05-28_21-28-49-1024x683.jpg?ssl=1\" data-amp-layout=\"responsive\"\/><\/figure><\/div><\/div><div class=\"tiled-gallery__row\"><div class=\"tiled-gallery__col\" style=\"flex-basis:33.33333%\"><figure class=\"tiled-gallery__item\"><img decoding=\"async\" srcset=\"https:\/\/i0.wp.com\/olivinaevo.com\/wp-content\/uploads\/2024\/05\/photo_2024-05-28_21-28-46-1024x683.jpg?strip=info&#038;w=600&#038;ssl=1 600w,https:\/\/i0.wp.com\/olivinaevo.com\/wp-content\/uploads\/2024\/05\/photo_2024-05-28_21-28-46-1024x683.jpg?strip=info&#038;w=900&#038;ssl=1 900w,https:\/\/i0.wp.com\/olivinaevo.com\/wp-content\/uploads\/2024\/05\/photo_2024-05-28_21-28-46-1024x683.jpg?strip=info&#038;w=1200&#038;ssl=1 1200w,https:\/\/i0.wp.com\/olivinaevo.com\/wp-content\/uploads\/2024\/05\/photo_2024-05-28_21-28-46-1024x683.jpg?strip=info&#038;w=1280&#038;ssl=1 1280w\" alt=\"\" data-height=\"854\" data-id=\"421\" data-link=\"https:\/\/olivinaevo.com\/index.php\/experiences\/percorso-storico-culturale-sensoriale\/photo_2024-05-28_21-28-46\/\" data-url=\"https:\/\/olivinaevo.com\/wp-content\/uploads\/2024\/05\/photo_2024-05-28_21-28-46-1024x683.jpg\" data-width=\"1280\" src=\"https:\/\/i0.wp.com\/olivinaevo.com\/wp-content\/uploads\/2024\/05\/photo_2024-05-28_21-28-46-1024x683.jpg?ssl=1\" data-amp-layout=\"responsive\"\/><\/figure><\/div><div class=\"tiled-gallery__col\" style=\"flex-basis:33.33333%\"><figure class=\"tiled-gallery__item\"><img decoding=\"async\" srcset=\"https:\/\/i0.wp.com\/olivinaevo.com\/wp-content\/uploads\/2024\/05\/photo_2024-05-28_21-28-48-1024x683.jpg?strip=info&#038;w=600&#038;ssl=1 600w,https:\/\/i0.wp.com\/olivinaevo.com\/wp-content\/uploads\/2024\/05\/photo_2024-05-28_21-28-48-1024x683.jpg?strip=info&#038;w=900&#038;ssl=1 900w,https:\/\/i0.wp.com\/olivinaevo.com\/wp-content\/uploads\/2024\/05\/photo_2024-05-28_21-28-48-1024x683.jpg?strip=info&#038;w=1200&#038;ssl=1 1200w,https:\/\/i0.wp.com\/olivinaevo.com\/wp-content\/uploads\/2024\/05\/photo_2024-05-28_21-28-48-1024x683.jpg?strip=info&#038;w=1280&#038;ssl=1 1280w\" alt=\"\" data-height=\"854\" data-id=\"424\" data-link=\"https:\/\/olivinaevo.com\/index.php\/experiences\/percorso-storico-culturale-sensoriale\/photo_2024-05-28_21-28-48\/\" data-url=\"https:\/\/olivinaevo.com\/wp-content\/uploads\/2024\/05\/photo_2024-05-28_21-28-48-1024x683.jpg\" data-width=\"1280\" src=\"https:\/\/i0.wp.com\/olivinaevo.com\/wp-content\/uploads\/2024\/05\/photo_2024-05-28_21-28-48-1024x683.jpg?ssl=1\" data-amp-layout=\"responsive\"\/><\/figure><\/div><div class=\"tiled-gallery__col\" style=\"flex-basis:33.33333%\"><figure class=\"tiled-gallery__item\"><img decoding=\"async\" srcset=\"https:\/\/i0.wp.com\/olivinaevo.com\/wp-content\/uploads\/2024\/05\/photo_2024-05-28_21-28-44-1024x683.jpg?strip=info&#038;w=600&#038;ssl=1 600w,https:\/\/i0.wp.com\/olivinaevo.com\/wp-content\/uploads\/2024\/05\/photo_2024-05-28_21-28-44-1024x683.jpg?strip=info&#038;w=900&#038;ssl=1 900w,https:\/\/i0.wp.com\/olivinaevo.com\/wp-content\/uploads\/2024\/05\/photo_2024-05-28_21-28-44-1024x683.jpg?strip=info&#038;w=1200&#038;ssl=1 1200w,https:\/\/i0.wp.com\/olivinaevo.com\/wp-content\/uploads\/2024\/05\/photo_2024-05-28_21-28-44-1024x683.jpg?strip=info&#038;w=1280&#038;ssl=1 1280w\" alt=\"\" data-height=\"854\" data-id=\"423\" data-link=\"https:\/\/olivinaevo.com\/index.php\/experiences\/percorso-storico-culturale-sensoriale\/photo_2024-05-28_21-28-44\/\" data-url=\"https:\/\/olivinaevo.com\/wp-content\/uploads\/2024\/05\/photo_2024-05-28_21-28-44-1024x683.jpg\" data-width=\"1280\" src=\"https:\/\/i0.wp.com\/olivinaevo.com\/wp-content\/uploads\/2024\/05\/photo_2024-05-28_21-28-44-1024x683.jpg?ssl=1\" data-amp-layout=\"responsive\"\/><\/figure><\/div><\/div><div class=\"tiled-gallery__row\"><div class=\"tiled-gallery__col\" style=\"flex-basis:24.98090%\"><figure class=\"tiled-gallery__item\"><img decoding=\"async\" srcset=\"https:\/\/i0.wp.com\/olivinaevo.com\/wp-content\/uploads\/2024\/05\/photo_2024-05-28_21-29-52-1024x683.jpg?strip=info&#038;w=600&#038;ssl=1 600w,https:\/\/i0.wp.com\/olivinaevo.com\/wp-content\/uploads\/2024\/05\/photo_2024-05-28_21-29-52-1024x683.jpg?strip=info&#038;w=900&#038;ssl=1 900w,https:\/\/i0.wp.com\/olivinaevo.com\/wp-content\/uploads\/2024\/05\/photo_2024-05-28_21-29-52-1024x683.jpg?strip=info&#038;w=1200&#038;ssl=1 1200w,https:\/\/i0.wp.com\/olivinaevo.com\/wp-content\/uploads\/2024\/05\/photo_2024-05-28_21-29-52-1024x683.jpg?strip=info&#038;w=1280&#038;ssl=1 1280w\" alt=\"\" data-height=\"854\" data-id=\"425\" data-link=\"https:\/\/olivinaevo.com\/index.php\/experiences\/percorso-storico-culturale-sensoriale\/photo_2024-05-28_21-29-52\/\" data-url=\"https:\/\/olivinaevo.com\/wp-content\/uploads\/2024\/05\/photo_2024-05-28_21-29-52-1024x683.jpg\" data-width=\"1280\" src=\"https:\/\/i0.wp.com\/olivinaevo.com\/wp-content\/uploads\/2024\/05\/photo_2024-05-28_21-29-52-1024x683.jpg?ssl=1\" data-amp-layout=\"responsive\"\/><\/figure><\/div><div class=\"tiled-gallery__col\" style=\"flex-basis:25.00637%\"><figure class=\"tiled-gallery__item\"><img decoding=\"async\" srcset=\"https:\/\/i0.wp.com\/olivinaevo.com\/wp-content\/uploads\/2024\/05\/WhatsApp-Image-2024-05-28-at-19.41.26-2-1024x683.jpeg?strip=info&#038;w=600&#038;ssl=1 600w,https:\/\/i0.wp.com\/olivinaevo.com\/wp-content\/uploads\/2024\/05\/WhatsApp-Image-2024-05-28-at-19.41.26-2-1024x683.jpeg?strip=info&#038;w=900&#038;ssl=1 900w,https:\/\/i0.wp.com\/olivinaevo.com\/wp-content\/uploads\/2024\/05\/WhatsApp-Image-2024-05-28-at-19.41.26-2-1024x683.jpeg?strip=info&#038;w=1200&#038;ssl=1 1200w,https:\/\/i0.wp.com\/olivinaevo.com\/wp-content\/uploads\/2024\/05\/WhatsApp-Image-2024-05-28-at-19.41.26-2-1024x683.jpeg?strip=info&#038;w=1500&#038;ssl=1 1500w,https:\/\/i0.wp.com\/olivinaevo.com\/wp-content\/uploads\/2024\/05\/WhatsApp-Image-2024-05-28-at-19.41.26-2-1024x683.jpeg?strip=info&#038;w=1800&#038;ssl=1 1800w,https:\/\/i0.wp.com\/olivinaevo.com\/wp-content\/uploads\/2024\/05\/WhatsApp-Image-2024-05-28-at-19.41.26-2-1024x683.jpeg?strip=info&#038;w=2000&#038;ssl=1 2000w\" alt=\"\" data-height=\"1365\" data-id=\"428\" data-link=\"https:\/\/olivinaevo.com\/index.php\/experiences\/percorso-storico-culturale-sensoriale\/whatsapp-image-2024-05-28-at-19-41-26-2\/\" data-url=\"https:\/\/olivinaevo.com\/wp-content\/uploads\/2024\/05\/WhatsApp-Image-2024-05-28-at-19.41.26-2-1024x683.jpeg\" data-width=\"2048\" src=\"https:\/\/i0.wp.com\/olivinaevo.com\/wp-content\/uploads\/2024\/05\/WhatsApp-Image-2024-05-28-at-19.41.26-2-1024x683.jpeg?ssl=1\" data-amp-layout=\"responsive\"\/><\/figure><\/div><div class=\"tiled-gallery__col\" style=\"flex-basis:25.00637%\"><figure class=\"tiled-gallery__item\"><img decoding=\"async\" srcset=\"https:\/\/i0.wp.com\/olivinaevo.com\/wp-content\/uploads\/2024\/05\/WhatsApp-Image-2024-05-28-at-19.39.55-2-1024x683.jpeg?strip=info&#038;w=600&#038;ssl=1 600w,https:\/\/i0.wp.com\/olivinaevo.com\/wp-content\/uploads\/2024\/05\/WhatsApp-Image-2024-05-28-at-19.39.55-2-1024x683.jpeg?strip=info&#038;w=900&#038;ssl=1 900w,https:\/\/i0.wp.com\/olivinaevo.com\/wp-content\/uploads\/2024\/05\/WhatsApp-Image-2024-05-28-at-19.39.55-2-1024x683.jpeg?strip=info&#038;w=1200&#038;ssl=1 1200w,https:\/\/i0.wp.com\/olivinaevo.com\/wp-content\/uploads\/2024\/05\/WhatsApp-Image-2024-05-28-at-19.39.55-2-1024x683.jpeg?strip=info&#038;w=1500&#038;ssl=1 1500w,https:\/\/i0.wp.com\/olivinaevo.com\/wp-content\/uploads\/2024\/05\/WhatsApp-Image-2024-05-28-at-19.39.55-2-1024x683.jpeg?strip=info&#038;w=1800&#038;ssl=1 1800w,https:\/\/i0.wp.com\/olivinaevo.com\/wp-content\/uploads\/2024\/05\/WhatsApp-Image-2024-05-28-at-19.39.55-2-1024x683.jpeg?strip=info&#038;w=2000&#038;ssl=1 2000w\" alt=\"\" data-height=\"1365\" data-id=\"431\" data-link=\"https:\/\/olivinaevo.com\/index.php\/experiences\/percorso-storico-culturale-sensoriale\/whatsapp-image-2024-05-28-at-19-39-55-2\/\" data-url=\"https:\/\/olivinaevo.com\/wp-content\/uploads\/2024\/05\/WhatsApp-Image-2024-05-28-at-19.39.55-2-1024x683.jpeg\" data-width=\"2048\" src=\"https:\/\/i0.wp.com\/olivinaevo.com\/wp-content\/uploads\/2024\/05\/WhatsApp-Image-2024-05-28-at-19.39.55-2-1024x683.jpeg?ssl=1\" data-amp-layout=\"responsive\"\/><\/figure><\/div><div class=\"tiled-gallery__col\" style=\"flex-basis:25.00637%\"><figure class=\"tiled-gallery__item\"><img decoding=\"async\" srcset=\"https:\/\/i0.wp.com\/olivinaevo.com\/wp-content\/uploads\/2024\/05\/WhatsApp-Image-2024-05-28-at-19.56.10-1-1024x683.jpeg?strip=info&#038;w=600&#038;ssl=1 600w,https:\/\/i0.wp.com\/olivinaevo.com\/wp-content\/uploads\/2024\/05\/WhatsApp-Image-2024-05-28-at-19.56.10-1-1024x683.jpeg?strip=info&#038;w=900&#038;ssl=1 900w,https:\/\/i0.wp.com\/olivinaevo.com\/wp-content\/uploads\/2024\/05\/WhatsApp-Image-2024-05-28-at-19.56.10-1-1024x683.jpeg?strip=info&#038;w=1200&#038;ssl=1 1200w,https:\/\/i0.wp.com\/olivinaevo.com\/wp-content\/uploads\/2024\/05\/WhatsApp-Image-2024-05-28-at-19.56.10-1-1024x683.jpeg?strip=info&#038;w=1500&#038;ssl=1 1500w,https:\/\/i0.wp.com\/olivinaevo.com\/wp-content\/uploads\/2024\/05\/WhatsApp-Image-2024-05-28-at-19.56.10-1-1024x683.jpeg?strip=info&#038;w=1800&#038;ssl=1 1800w,https:\/\/i0.wp.com\/olivinaevo.com\/wp-content\/uploads\/2024\/05\/WhatsApp-Image-2024-05-28-at-19.56.10-1-1024x683.jpeg?strip=info&#038;w=2000&#038;ssl=1 2000w\" alt=\"\" data-height=\"1365\" data-id=\"432\" data-link=\"https:\/\/olivinaevo.com\/index.php\/experiences\/percorso-storico-culturale-sensoriale\/whatsapp-image-2024-05-28-at-19-56-10-1\/\" data-url=\"https:\/\/olivinaevo.com\/wp-content\/uploads\/2024\/05\/WhatsApp-Image-2024-05-28-at-19.56.10-1-1024x683.jpeg\" data-width=\"2048\" src=\"https:\/\/i0.wp.com\/olivinaevo.com\/wp-content\/uploads\/2024\/05\/WhatsApp-Image-2024-05-28-at-19.56.10-1-1024x683.jpeg?ssl=1\" data-amp-layout=\"responsive\"\/><\/figure><\/div><\/div><\/div><\/div><\/div>\n\n\n\n<p>Un appassionante percorso nel mondo dell\u2019Extravergine di Oliva<\/p>\n\n\n\n<p><strong>Descrizione:<\/strong><br>Scopri il mondo dell&#8217;olio extravergine di oliva attraverso un affascinante percorso che ti porter\u00e0 dai maestosi ulivi secolari di famiglia fino alla degustazione finale.<\/p>\n\n\n\n<ol class=\"wp-block-list\">\n<li>Introduzione botanica e storica: Iniziamo ai piedi degli ulivi secolari per una panoramica sulla botanica dell&#8217;ulivo e sulla storia della sua coltivazione.<\/li>\n\n\n\n<li>Visita al Frantoio: Scopri il processo di estrazione dell&#8217;olio extravergine di oliva direttamente nel frantoio.<\/li>\n\n\n\n<li>Degustazione guidata: Impara a riconoscere un Olio EVO attraverso i sensi del gusto e dell&#8217;olfatto.<\/li>\n\n\n\n<li>Momento conviviale: Concludi il percorso gustando alcuni cibi della tradizione impreziositi dall&#8217;olio extravergine di oliva.<\/li>\n<\/ol>\n\n\n\n<p><strong>Disponibilit\u00e0:<\/strong><\/p>\n\n\n\n<ul class=\"wp-block-list\">\n<li>Gluten free e Vegan.<\/li>\n<\/ul>\n\n\n\n<p><strong>Lingue:<\/strong><\/p>\n\n\n\n<ul class=\"wp-block-list\">\n<li>Italiano, <\/li>\n\n\n\n<li>Tedesco, Inglese, Francese, Spagnolo (su richiesta, con guide madrelingua).<\/li>\n<\/ul>\n\n\n\n<p><strong>Dettagli:<\/strong><\/p>\n\n\n\n<ul class=\"wp-block-list\">\n<li>Numero minimo di persone: 2 adulti<\/li>\n\n\n\n<li>Numero massimo di persone: 12 adulti<\/li>\n\n\n\n<li>Durata: 2 ore<\/li>\n\n\n\n<li>Costo: \u20ac 30,00 a persona<\/li>\n\n\n\n<li>Extra traduzione: \u20ac 10,00 a persona<\/li>\n\n\n\n<li>Prezzi personalizzati per gruppi<\/li>\n<\/ul>\n\n\n\n<p><\/p>\n\n\n\n<p><\/p>\n\n\n\n<div class=\"wp-block-buttons is-layout-flex wp-block-buttons-is-layout-flex\">\n<div class=\"wp-block-button has-custom-width wp-block-button__width-75\"><a class=\"wp-block-button__link has-luminous-vivid-amber-background-color has-background wp-element-button\" href=\"https:\/\/forms.gle\/zsLUYUBea1V6FtQv9\">PRENOTA ORA <\/a><\/div>\n<\/div>\n\n\n\n<p><\/p>\n\n\n\n<p><\/p>\n\n\n\n<p><strong>An exciting journey into the world of Extra Virgin Olive Oil<\/strong><\/p>\n\n\n\n<p><br><strong>Description:<\/strong><br>Discover the world of extra virgin olive oil through a fascinating journey that will take you from the family&#8217;s majestic centuries-old olive trees to the final tasting.<\/p>\n\n\n\n<p><strong>Botanical and historical introduction:<\/strong> We begin at the foot of the centuries-old olive trees for an overview of the botany of the olive tree and the history of its cultivation.<\/p>\n\n\n\n<p><strong>Visit to the oil mill<\/strong>: Discover the process of extracting extra virgin olive oil directly in the oil mill.<\/p>\n\n\n\n<p><strong>Guided tasting<\/strong>: Learn to recognize an EVO Oil through the senses of taste and smell.<\/p>\n\n\n\n<p><strong>Convivial moment:<\/strong> Conclude the journey by tasting some traditional foods enriched with extra virgin olive oil.<br><\/p>\n\n\n\n<p><strong>Availability:<\/strong><\/p>\n\n\n\n<ul class=\"wp-block-list\">\n<li>Gluten free e Vegan.<br><\/li>\n\n\n\n<li><strong>Languages<\/strong>:<\/li>\n\n\n\n<li>Italian, German, English, French, Spanish (on request, with native speaking guides).<br><strong>Details:<\/strong><\/li>\n\n\n\n<li>Minimum number of people: 2 adults<\/li>\n\n\n\n<li>Maximum number of people: 12 adults<\/li>\n\n\n\n<li>Duration: 2 hours<\/li>\n\n\n\n<li>Cost: \u20ac30.00 per person<\/li>\n\n\n\n<li>Extra translation: \u20ac10.00 per person<\/li>\n\n\n\n<li>Customized prices for groups<br><\/li>\n<\/ul>\n\n\n\n<div class=\"wp-block-buttons is-layout-flex wp-block-buttons-is-layout-flex\">\n<div class=\"wp-block-button has-custom-width wp-block-button__width-75\"><a class=\"wp-block-button__link has-luminous-vivid-amber-background-color has-background wp-element-button\" href=\"https:\/\/forms.gle\/zsLUYUBea1V6FtQv9\">BOOK NOW<\/a><\/div>\n<\/div>\n\n\n\n<p><\/p>\n<p>Views: 251<\/p>","protected":false},"excerpt":{"rendered":"<p>Entdecken Sie die Welt des nativen Oliven\u00f6ls extra auf einer faszinierenden Reise, die Sie von den majest\u00e4tischen jahrhundertealten Olivenb\u00e4umen der Familie bis zur abschlie\u00dfenden Verkostung f\u00fchrt.<\/p>\n","protected":false},"author":1,"featured_media":427,"parent":133,"menu_order":0,"comment_status":"closed","ping_status":"closed","template":"","meta":{"advanced_seo_description":"","jetpack_seo_html_title":"","jetpack_seo_noindex":false,"footnotes":""},"class_list":["post-260","page","type-page","status-publish","has-post-thumbnail","hentry"],"jetpack_likes_enabled":true,"jetpack-related-posts":[],"jetpack_sharing_enabled":true,"_links":{"self":[{"href":"https:\/\/olivinaevo.com\/index.php\/wp-json\/wp\/v2\/pages\/260","targetHints":{"allow":["GET"]}}],"collection":[{"href":"https:\/\/olivinaevo.com\/index.php\/wp-json\/wp\/v2\/pages"}],"about":[{"href":"https:\/\/olivinaevo.com\/index.php\/wp-json\/wp\/v2\/types\/page"}],"author":[{"embeddable":true,"href":"https:\/\/olivinaevo.com\/index.php\/wp-json\/wp\/v2\/users\/1"}],"replies":[{"embeddable":true,"href":"https:\/\/olivinaevo.com\/index.php\/wp-json\/wp\/v2\/comments?post=260"}],"version-history":[{"count":14,"href":"https:\/\/olivinaevo.com\/index.php\/wp-json\/wp\/v2\/pages\/260\/revisions"}],"predecessor-version":[{"id":1717,"href":"https:\/\/olivinaevo.com\/index.php\/wp-json\/wp\/v2\/pages\/260\/revisions\/1717"}],"up":[{"embeddable":true,"href":"https:\/\/olivinaevo.com\/index.php\/wp-json\/wp\/v2\/pages\/133"}],"wp:featuredmedia":[{"embeddable":true,"href":"https:\/\/olivinaevo.com\/index.php\/wp-json\/wp\/v2\/media\/427"}],"wp:attachment":[{"href":"https:\/\/olivinaevo.com\/index.php\/wp-json\/wp\/v2\/media?parent=260"}],"curies":[{"name":"wp","href":"https:\/\/api.w.org\/{rel}","templated":true}]}}