{"id":377,"date":"2024-05-18T17:26:49","date_gmt":"2024-05-18T15:26:49","guid":{"rendered":"https:\/\/olivinaevo.com\/?page_id=377"},"modified":"2024-11-28T15:47:15","modified_gmt":"2024-11-28T14:47:15","slug":"adotta-un-ulivo","status":"publish","type":"page","link":"https:\/\/olivinaevo.com\/index.php\/experiences\/adotta-un-ulivo\/","title":{"rendered":"Adotta un Ulivo"},"content":{"rendered":"\n<p>&#8220;Adotta un Ulivo&#8221; \u00e8 L&#8217; ESPERIENZA CHE CERCAVI!!<\/p>\n\n\n\n<p>L&#8217;adozione di un ulivo Olivina ti permetter\u00e0 di vivere con me il ciclo produttivo dell&#8217;olivo.<\/p>\n\n\n\n<p>Ti racconter\u00f2 quello che accade e sarai sempre informato sulla vita dell&#8217;ulivo adottato. <\/p>\n\n\n\n<p>Ti porter\u00f2 virtualmente nella fase di potatura, vivrai con me la gestione del suolo, della chioma, la lotta alle avversit\u00e0, la raccolta, la molitura e, ovviamente, l&#8217;assaggio dell&#8217;olio!!<\/p>\n\n\n\n<p>Gli Ulivi che adotterai sono siti in uliveti abbandonati da un lungo periodo.<\/p>\n\n\n\n<p>In alcuni il lavoro \u00e8 iniziato da qualche anno, in altri ho appena iniziato.<\/p>\n\n\n\n<p>Perch\u00e8 \u00e8 importante credere in questo progetto? Per contribuire alla corretta gestione del nostro territorio, preservandolo e salvaguardando le popolazioni da eventi calamitosi quali incendi, dissesto idrogeologico etc.<\/p>\n\n\n\n<p>Potenziando l&#8217;olivicoltura, aumentiamo l&#8217;assorbimento di gas serra ( Anidride carbonica)<\/p>\n\n\n\n<p>Adottando un ulivo ci portiamo a casa  Olio EVO: un alimento fondamentale per la nostra salute.<br><br>Entra anche tu nel progetto Olivina:<\/p>\n\n\n\n<p class=\"has-text-align-left\"><strong>Adotta un ulivo!!<br><\/strong><br>Aderendo al programma riceverai l\u2019elenco degli olivi disponibili per l\u2019adozione.<br>Troverai la sua storia, le sue caratteristiche e la posizione sulla mappa.<br>Sull&#8217;ulivo sar\u00e0 apposta una targa con il nome che sceglierai per lui e riceverai un attestato di adozione.<br>Riceverai le newsletter personalizzate che ti aiuteranno a seguire l\u2019anno produttivo e a conoscere nel dettaglio l\u2019olivicoltura tra storia, curiosit\u00e0 e tradizioni.<br>Vivrai l&#8217;olivicoltura e la sua energia, pur non essendo in campo con me, ma potrai visionare il tuo ulivo quando vorrai.<br>L&#8217;adozione dura 1 anno ( o fino alla raccolta del frutto) e prevede la fornitura di olio Extra Vergine di oliva.<\/p>\n\n\n\n<div class=\"wp-block-buttons is-layout-flex wp-block-buttons-is-layout-flex\">\n<div class=\"wp-block-button has-custom-font-size has-medium-font-size\"><a class=\"wp-block-button__link has-electric-grass-gradient-background has-background wp-element-button\" href=\"https:\/\/docs.google.com\/forms\/d\/e\/1FAIpQLSeEZaM6NlxNA27V1flpHf2NKT0yYgWvhlNxC0Oukqs9INVJaQ\/viewform?usp=sf_link\">VORREI SAPERE DI PIU&#8217;<\/a><\/div>\n<\/div>\n\n\n\n<figure class=\"wp-block-image size-large is-resized\"><img data-recalc-dims=\"1\" loading=\"lazy\" decoding=\"async\" width=\"1024\" height=\"576\" src=\"https:\/\/i0.wp.com\/olivinaevo.com\/wp-content\/uploads\/2024\/04\/vecteezy_england-flag-circle-vector-image-and-icon_7686823.jpg?resize=1024%2C576\" alt=\"\" class=\"wp-image-215\" style=\"width:91px;height:auto\" srcset=\"https:\/\/i0.wp.com\/olivinaevo.com\/wp-content\/uploads\/2024\/04\/vecteezy_england-flag-circle-vector-image-and-icon_7686823.jpg?resize=1024%2C576&amp;ssl=1 1024w, https:\/\/i0.wp.com\/olivinaevo.com\/wp-content\/uploads\/2024\/04\/vecteezy_england-flag-circle-vector-image-and-icon_7686823.jpg?resize=300%2C169&amp;ssl=1 300w, https:\/\/i0.wp.com\/olivinaevo.com\/wp-content\/uploads\/2024\/04\/vecteezy_england-flag-circle-vector-image-and-icon_7686823.jpg?resize=768%2C432&amp;ssl=1 768w, https:\/\/i0.wp.com\/olivinaevo.com\/wp-content\/uploads\/2024\/04\/vecteezy_england-flag-circle-vector-image-and-icon_7686823.jpg?resize=1536%2C864&amp;ssl=1 1536w, https:\/\/i0.wp.com\/olivinaevo.com\/wp-content\/uploads\/2024\/04\/vecteezy_england-flag-circle-vector-image-and-icon_7686823.jpg?resize=600%2C338&amp;ssl=1 600w, https:\/\/i0.wp.com\/olivinaevo.com\/wp-content\/uploads\/2024\/04\/vecteezy_england-flag-circle-vector-image-and-icon_7686823.jpg?w=1920&amp;ssl=1 1920w\" sizes=\"auto, (max-width: 1000px) 100vw, 1000px\" \/><\/figure>\n\n\n\n<p>&#8220;Adopt an Olive Tree&#8221; is THE EXPERIENCE YOU WERE LOOKING FOR!!<\/p>\n\n\n\n<p>Adopting an Olivina olive tree will allow you to experience the olive tree&#8217;s production cycle with me.<\/p>\n\n\n\n<p>I will tell you what happens and you will always be informed about the life of the adopted olive tree.<\/p>\n\n\n\n<p>I will virtually take you through the pruning phase, you will experience with me the management of the soil, the foliage, the fight against adversity, the harvesting, the milling and, obviously, the tasting of the oil!!<\/p>\n\n\n\n<p>The olive trees you will adopt are located in olive groves that have been abandoned for a long period.<\/p>\n\n\n\n<p>In some the work began a few years ago, in others I have just started.<\/p>\n\n\n\n<p>Why is it important to believe in this project? To contribute to the correct management of our territory, preserving it and safeguarding the populations from calamitous events such as fires, hydrogeological instability, etc.<\/p>\n\n\n\n<p>By strengthening olive growing, we increase the absorption of greenhouse gases (carbon dioxide)<\/p>\n\n\n\n<p>By adopting an olive tree we bring home EVO oil: a fundamental food for our health.<\/p>\n\n\n\n<p>Join the Olivina project too:<\/p>\n\n\n\n<p>Adopt an olive tree!!<\/p>\n\n\n\n<p>By joining the program you will receive the list of olive trees available for adoption.<br>You will find its history, characteristics and location on the map.<br>A plaque will be placed on the olive tree with the name you choose for him and you will receive a certificate of adoption.<br>You will receive personalized newsletters that will help you follow the production year and learn in detail about olive growing between history, curiosities and traditions.<br>You will experience olive growing and its energy, even if you are not in the field with me, but you will be able to view your olive tree whenever you want.<br>The adoption lasts 1 year (or until the fruit is harvested) and includes the supply of Extra Virgin olive oil.<\/p>\n\n\n\n<div class=\"wp-block-buttons is-layout-flex wp-block-buttons-is-layout-flex\">\n<div class=\"wp-block-button\"><a class=\"wp-block-button__link has-electric-grass-gradient-background has-background wp-element-button\" href=\"https:\/\/docs.google.com\/forms\/d\/e\/1FAIpQLSeEZaM6NlxNA27V1flpHf2NKT0yYgWvhlNxC0Oukqs9INVJaQ\/viewform?usp=sf_link\">TELL ME MORE<\/a><\/div>\n<\/div>\n\n\n\n<figure class=\"wp-block-image size-thumbnail is-resized is-style-rounded\" style=\"margin-top:0;margin-right:0;margin-bottom:0;margin-left:0\"><img data-recalc-dims=\"1\" loading=\"lazy\" decoding=\"async\" width=\"150\" height=\"150\" src=\"https:\/\/i0.wp.com\/olivinaevo.com\/wp-content\/uploads\/2024\/11\/download-1-150x150.png?resize=150%2C150&#038;ssl=1\" alt=\"\" class=\"wp-image-708\" style=\"width:68px;height:auto\" srcset=\"https:\/\/i0.wp.com\/olivinaevo.com\/wp-content\/uploads\/2024\/11\/download-1.png?resize=150%2C150&amp;ssl=1 150w, https:\/\/i0.wp.com\/olivinaevo.com\/wp-content\/uploads\/2024\/11\/download-1.png?resize=100%2C100&amp;ssl=1 100w, https:\/\/i0.wp.com\/olivinaevo.com\/wp-content\/uploads\/2024\/11\/download-1.png?zoom=2&amp;resize=150%2C150 300w\" sizes=\"auto, (max-width: 150px) 100vw, 150px\" \/><\/figure>\n\n\n\n<p><\/p>\n\n\n\n<p>Eine Olivenbaum-Patenschaft bei OLIVINA \u2013 genau das, was du schon immer gesucht hast!<br>Adoptiere einen Olivenbaum und erlebe gemeinsam mit mir den Jahreslauf im Olivenhain bis zur Ernte und<br>Verarbeitung der Oliven im Herbst.<br>Ich nehme dich mit auf meine Spazierg\u00e4nge zwischen den B\u00e4umen und erz\u00e4hle dir in dieser Zeit in regelm\u00e4\u00dfigen<br>Abst\u00e4nden, welche Arbeiten anstehen und wie dein Baum gedeiht. So bis du immer bestens informiert und ein<br>wenig wird es so sein, als w\u00fcrde dein Olivenbaum bei dir im Garten stehen.<br>Online wirst du dabei sein, wenn die B\u00e4ume gepflegt und beschnitten werden. Du wirst gemeinsam mit mir die<br>Bodenbearbeitung und die Pflege der Baumkrone erleben. Zusammen werden wir den Olivenbaum dabei<br>unterst\u00fctzen, bestm\u00f6glich allen Widrigkeiten zu trotzen, denen er begegnen wird. Und nat\u00fcrlich wirst du auch bei<br>der Olivenernte und in der \u00d6lm\u00fchle dabei sein, um am Ende das frisch gewonnene Oliven\u00f6l des Jahrgangs \u2013 das du<br>umgehend geliefert bekommst \u2013 verkosten zu k\u00f6nnen.<br>Die Olivenb\u00e4ume, die zur Adoption vorgesehen sind, stehen alle in lange aufgegebenen Olivenhainen, die mir<br>anvertraut wurden und die zu ihrem Erhalt besonders viel Pflege und Aufmerksamkeit ben\u00f6tigen. In manchen dieser<br>Haine arbeite ich schon einige Jahre, in anderen stehe ich noch ganz am Anfang.<br>Warum ist es so wichtig, an diese Arbeit und dieses Projekt zu glauben?<br>Weil wir alle unseren Beitrag zu einem verantwortungsvollen Umgang mit unserer Umwelt leisten sollten und das<br>hier direkt in die Tat umsetzen k\u00f6nnen. Indem wir dazu beitragen, die Artenvielfalt in einem Olivenhain und die<br>Kulturlandschaft in der Ogliastra zu erhalten, helfen wir au\u00dferdem, die Gegend und ihre Bev\u00f6lkerung vor<br>Naturkatastrophen wie Br\u00e4nden oder Trockenheit zu bewahren.<br>Nicht zuletzt tragen wir \u00fcber die Patenschaft und damit die Unterst\u00fctzung des Olivenbaums zum CO2-Ausgleich<br>unserer Alltagsgewohnheiten und unserer Reisen bei.<br>Das Sch\u00f6ne dabei: Du h\u00e4ltst am Ende des Jahres frisch gewonnenes, kalt gepresstes EXTRA VERGINE<br>OLIVEN\u00d6L in H\u00e4nden, dessen Produktion du von Anfang bis Ende miterlebt hast \u2013 ein sch\u00f6nes Gef\u00fchl und ein<br>wichtiger Bestandteil f\u00fcr deine gesunde Ern\u00e4hrung.<br>Gef\u00e4llt dir dieser Gedanke?<br>Mache mit und werde Teil des Olivenbaum-Projekts von OLIVINA:<br>\u00dcbernehme auch du eine Jahres-Patenschaft!<br>Sobald du dich einschreibst, erh\u00e4ltst du eine Liste aller zur Adoption stehenden B\u00e4ume.<br>Du erf\u00e4hrst alles \u00fcber ihre Geschichte, ihre Eigenschaften und siehst, wo genau die einzelnen B\u00e4ume stehen.<br>An dem von dir ausgew\u00e4hlten Olivenbaum wird ein kleines Schild angebracht mit dem Namen, den du ihm gibst.<br>Au\u00dferdem erh\u00e4ltst du ein Zertifikat f\u00fcr deine Patenschaft.<br>W\u00e4hrend des Adoptionsjahres bekommst du regelm\u00e4\u00dfig Post von deinem Baum. Du wirst so live den<br>Produktionszyklus deines Olivenbaums miterleben, aber auch viel Wissenswertes rund um den Olivenanbau<br>erfahren.<br>Obwohl du nicht mit mir durch den Olivenhain gehen kannst, wirst du so ein wenig von der Energie des Ortes<br>sp\u00fcren k\u00f6nnen und deinen Olivenbaum immer bildhaft vor Augen haben.<br>Die Patenschaft dauert ein Jahr (bis zur Ernte) und endet mit der Lieferung des frisch gewonnenen Oliven\u00f6ls des<br>jeweiligen Jahrgangs.<br>Interessiert?<br><a href=\"https:\/\/docs.google.com\/forms\/d\/e\/1FAIpQLSeEZaM6NlxNA27V1flpHf2NKT0yYgWvhlNxC0Oukqs9INVJaQ\/viewform?usp=sf_link\">Weitere Details zur Patenschaft gibt\u2019s hier.<\/a><\/p>\n\n\n\n<div class=\"wp-block-columns is-layout-flex wp-container-core-columns-is-layout-28f84493 wp-block-columns-is-layout-flex\">\n<div class=\"wp-block-column is-layout-flow wp-block-column-is-layout-flow\" style=\"flex-basis:100%\"><\/div>\n<\/div>\n\n\n\n<div class=\"wp-block-columns is-layout-flex wp-container-core-columns-is-layout-28f84493 wp-block-columns-is-layout-flex\">\n<div class=\"wp-block-column is-layout-flow wp-block-column-is-layout-flow\">\n<figure class=\"wp-block-image size-large\"><img data-recalc-dims=\"1\" loading=\"lazy\" decoding=\"async\" width=\"1024\" height=\"724\" src=\"https:\/\/i0.wp.com\/olivinaevo.com\/wp-content\/uploads\/2024\/11\/Certificato-Adozione-ulivo-2-1024x724.png?resize=1024%2C724&#038;ssl=1\" alt=\"\" class=\"wp-image-721\" srcset=\"https:\/\/i0.wp.com\/olivinaevo.com\/wp-content\/uploads\/2024\/11\/Certificato-Adozione-ulivo-2.png?resize=1024%2C724&amp;ssl=1 1024w, https:\/\/i0.wp.com\/olivinaevo.com\/wp-content\/uploads\/2024\/11\/Certificato-Adozione-ulivo-2.png?resize=300%2C212&amp;ssl=1 300w, https:\/\/i0.wp.com\/olivinaevo.com\/wp-content\/uploads\/2024\/11\/Certificato-Adozione-ulivo-2.png?resize=768%2C543&amp;ssl=1 768w, https:\/\/i0.wp.com\/olivinaevo.com\/wp-content\/uploads\/2024\/11\/Certificato-Adozione-ulivo-2.png?resize=1536%2C1086&amp;ssl=1 1536w, https:\/\/i0.wp.com\/olivinaevo.com\/wp-content\/uploads\/2024\/11\/Certificato-Adozione-ulivo-2.png?resize=600%2C424&amp;ssl=1 600w, https:\/\/i0.wp.com\/olivinaevo.com\/wp-content\/uploads\/2024\/11\/Certificato-Adozione-ulivo-2.png?w=2000&amp;ssl=1 2000w\" sizes=\"auto, (max-width: 1000px) 100vw, 1000px\" \/><\/figure>\n<\/div>\n\n\n\n<div class=\"wp-block-column is-layout-flow wp-block-column-is-layout-flow\">\n<figure class=\"wp-block-image aligncenter size-large\"><img data-recalc-dims=\"1\" loading=\"lazy\" decoding=\"async\" width=\"1024\" height=\"575\" src=\"https:\/\/i0.wp.com\/olivinaevo.com\/wp-content\/uploads\/2024\/11\/IMG_3278-1024x575.jpg?resize=1024%2C575&#038;ssl=1\" alt=\"\" class=\"wp-image-722\" srcset=\"https:\/\/i0.wp.com\/olivinaevo.com\/wp-content\/uploads\/2024\/11\/IMG_3278-scaled.jpg?resize=1024%2C575&amp;ssl=1 1024w, https:\/\/i0.wp.com\/olivinaevo.com\/wp-content\/uploads\/2024\/11\/IMG_3278-scaled.jpg?resize=300%2C169&amp;ssl=1 300w, https:\/\/i0.wp.com\/olivinaevo.com\/wp-content\/uploads\/2024\/11\/IMG_3278-scaled.jpg?resize=768%2C432&amp;ssl=1 768w, https:\/\/i0.wp.com\/olivinaevo.com\/wp-content\/uploads\/2024\/11\/IMG_3278-scaled.jpg?resize=1536%2C863&amp;ssl=1 1536w, https:\/\/i0.wp.com\/olivinaevo.com\/wp-content\/uploads\/2024\/11\/IMG_3278-scaled.jpg?resize=2048%2C1151&amp;ssl=1 2048w, https:\/\/i0.wp.com\/olivinaevo.com\/wp-content\/uploads\/2024\/11\/IMG_3278-scaled.jpg?resize=600%2C337&amp;ssl=1 600w\" sizes=\"auto, (max-width: 1000px) 100vw, 1000px\" \/><\/figure>\n<\/div>\n\n\n\n<div class=\"wp-block-column is-layout-flow wp-block-column-is-layout-flow\">\n<figure class=\"wp-block-image size-large\"><img data-recalc-dims=\"1\" loading=\"lazy\" decoding=\"async\" width=\"1024\" height=\"575\" src=\"https:\/\/i0.wp.com\/olivinaevo.com\/wp-content\/uploads\/2024\/11\/IMG_3295-1024x575.jpg?resize=1024%2C575&#038;ssl=1\" alt=\"\" class=\"wp-image-723\" srcset=\"https:\/\/i0.wp.com\/olivinaevo.com\/wp-content\/uploads\/2024\/11\/IMG_3295-scaled.jpg?resize=1024%2C575&amp;ssl=1 1024w, https:\/\/i0.wp.com\/olivinaevo.com\/wp-content\/uploads\/2024\/11\/IMG_3295-scaled.jpg?resize=300%2C169&amp;ssl=1 300w, https:\/\/i0.wp.com\/olivinaevo.com\/wp-content\/uploads\/2024\/11\/IMG_3295-scaled.jpg?resize=768%2C432&amp;ssl=1 768w, https:\/\/i0.wp.com\/olivinaevo.com\/wp-content\/uploads\/2024\/11\/IMG_3295-scaled.jpg?resize=1536%2C863&amp;ssl=1 1536w, https:\/\/i0.wp.com\/olivinaevo.com\/wp-content\/uploads\/2024\/11\/IMG_3295-scaled.jpg?resize=2048%2C1151&amp;ssl=1 2048w, https:\/\/i0.wp.com\/olivinaevo.com\/wp-content\/uploads\/2024\/11\/IMG_3295-scaled.jpg?resize=600%2C337&amp;ssl=1 600w\" sizes=\"auto, (max-width: 1000px) 100vw, 1000px\" \/><\/figure>\n<\/div>\n\n\n\n<div class=\"wp-block-column is-layout-flow wp-block-column-is-layout-flow\"><\/div>\n<\/div>\n\n\n\n<figure class=\"wp-block-image size-full\"><img data-recalc-dims=\"1\" loading=\"lazy\" decoding=\"async\" width=\"240\" height=\"240\" src=\"https:\/\/i0.wp.com\/olivinaevo.com\/wp-content\/uploads\/2024\/11\/qrcode-adozione.png?resize=240%2C240&#038;ssl=1\" alt=\"\" class=\"wp-image-732\" srcset=\"https:\/\/i0.wp.com\/olivinaevo.com\/wp-content\/uploads\/2024\/11\/qrcode-adozione.png?w=240&amp;ssl=1 240w, https:\/\/i0.wp.com\/olivinaevo.com\/wp-content\/uploads\/2024\/11\/qrcode-adozione.png?resize=150%2C150&amp;ssl=1 150w, https:\/\/i0.wp.com\/olivinaevo.com\/wp-content\/uploads\/2024\/11\/qrcode-adozione.png?resize=100%2C100&amp;ssl=1 100w\" sizes=\"auto, (max-width: 240px) 100vw, 240px\" \/><\/figure>\n<p>Views: 442<\/p>","protected":false},"excerpt":{"rendered":"<p>&#8220;Adotta un Ulivo&#8221; \u00e8 L&#8217; ESPERIENZA CHE CERCAVI!! L&#8217;adozione di un ulivo Olivina ti permetter\u00e0 di vivere con me il ciclo produttivo dell&#8217;olivo. Ti racconter\u00f2 quello che accade e sarai sempre informato sulla vita dell&#8217;ulivo adottato. Ti porter\u00f2 virtualmente nella fase di potatura, vivrai con me la gestione del suolo, della chioma, la lotta alle [&hellip;]<\/p>\n","protected":false},"author":1,"featured_media":381,"parent":133,"menu_order":0,"comment_status":"closed","ping_status":"closed","template":"","meta":{"advanced_seo_description":"","jetpack_seo_html_title":"","jetpack_seo_noindex":false,"footnotes":""},"class_list":["post-377","page","type-page","status-publish","has-post-thumbnail","hentry"],"jetpack_likes_enabled":true,"jetpack-related-posts":[],"jetpack_sharing_enabled":true,"_links":{"self":[{"href":"https:\/\/olivinaevo.com\/index.php\/wp-json\/wp\/v2\/pages\/377","targetHints":{"allow":["GET"]}}],"collection":[{"href":"https:\/\/olivinaevo.com\/index.php\/wp-json\/wp\/v2\/pages"}],"about":[{"href":"https:\/\/olivinaevo.com\/index.php\/wp-json\/wp\/v2\/types\/page"}],"author":[{"embeddable":true,"href":"https:\/\/olivinaevo.com\/index.php\/wp-json\/wp\/v2\/users\/1"}],"replies":[{"embeddable":true,"href":"https:\/\/olivinaevo.com\/index.php\/wp-json\/wp\/v2\/comments?post=377"}],"version-history":[{"count":7,"href":"https:\/\/olivinaevo.com\/index.php\/wp-json\/wp\/v2\/pages\/377\/revisions"}],"predecessor-version":[{"id":733,"href":"https:\/\/olivinaevo.com\/index.php\/wp-json\/wp\/v2\/pages\/377\/revisions\/733"}],"up":[{"embeddable":true,"href":"https:\/\/olivinaevo.com\/index.php\/wp-json\/wp\/v2\/pages\/133"}],"wp:featuredmedia":[{"embeddable":true,"href":"https:\/\/olivinaevo.com\/index.php\/wp-json\/wp\/v2\/media\/381"}],"wp:attachment":[{"href":"https:\/\/olivinaevo.com\/index.php\/wp-json\/wp\/v2\/media?parent=377"}],"curies":[{"name":"wp","href":"https:\/\/api.w.org\/{rel}","templated":true}]}}