{"id":541,"date":"2024-08-29T12:23:16","date_gmt":"2024-08-29T10:23:16","guid":{"rendered":"https:\/\/olivinaevo.com\/?page_id=541"},"modified":"2024-12-03T20:38:29","modified_gmt":"2024-12-03T19:38:29","slug":"corso-di-olivicoltura-e-potatura-ulivi-con-allevamento-a-vaso-policonico","status":"publish","type":"page","link":"https:\/\/olivinaevo.com\/index.php\/experiences\/corso-di-olivicoltura-e-potatura-ulivi-con-allevamento-a-vaso-policonico\/","title":{"rendered":"Corso di Olivicoltura e potatura Ulivi con allevamento a Vaso policonico"},"content":{"rendered":"\n<p>La Potatura degli ulivi \u00e8 una delle fasi pi\u00f9 costose per gli olivicoltori, sia in termini economici diretti che indiretti, poich\u00e8 l&#8217;errata potatura comporta una mancanza di produzione per diversi anni.<\/p>\n\n\n\n<p>La potatura deve essere fatta valutando la fisiologia della pianta, non \u00e8 sufficiente avere degli attrezzi con cui tagliare random ci\u00f2 che arbitrariamente ci infastidisce. <\/p>\n\n\n\n<p>Sulla base di queste premesse, vi propongo un week end di formazione di alto livello, con i migliori potatori\/ formatori Regionali. <\/p>\n\n\n\n<p>LA classe \u00e8 composta da un massimo di 15 partecipanti per formatore. <\/p>\n\n\n\n<p>Il corso comprende la base teorica e gli aspetti pratici della potatura.<\/p>\n\n\n\n<p>La terza Edizione si svolger\u00e0 il 17\/18\/19 Gennaio 2025.<\/p>\n\n\n\n<p>Se ti interessa apprendere l&#8217;arte della potatura a vaso policonico, compila il modulo e candidati per la prossima edizione.<\/p>\n\n\n\n<p>Costo del corso : \u20ac 250,00 ( \u00e8 prevista una scontistica per condizioni particolari)<\/p>\n\n\n\n<p>Segue un piccolo riassunto di quello che pensano i corsisti delle edizioni precedenti:<\/p>\n\n\n\n<figure class=\"wp-block-image size-full\"><img data-recalc-dims=\"1\" loading=\"lazy\" decoding=\"async\" width=\"600\" height=\"371\" src=\"https:\/\/i0.wp.com\/olivinaevo.com\/wp-content\/uploads\/2024\/08\/Conteggio-di-sei-rimasta_o-soddisfatto-dal-corso_.png?resize=600%2C371&#038;ssl=1\" alt=\"\" class=\"wp-image-555\" srcset=\"https:\/\/i0.wp.com\/olivinaevo.com\/wp-content\/uploads\/2024\/08\/Conteggio-di-sei-rimasta_o-soddisfatto-dal-corso_.png?w=600&amp;ssl=1 600w, https:\/\/i0.wp.com\/olivinaevo.com\/wp-content\/uploads\/2024\/08\/Conteggio-di-sei-rimasta_o-soddisfatto-dal-corso_.png?resize=300%2C186&amp;ssl=1 300w\" sizes=\"auto, (max-width: 600px) 100vw, 600px\" \/><\/figure>\n\n\n\n<figure class=\"wp-block-image size-full\"><img data-recalc-dims=\"1\" loading=\"lazy\" decoding=\"async\" width=\"600\" height=\"371\" src=\"https:\/\/i0.wp.com\/olivinaevo.com\/wp-content\/uploads\/2024\/08\/Conteggio-di-parteciperesti-a-corsi-futuri_.png?resize=600%2C371&#038;ssl=1\" alt=\"\" class=\"wp-image-556\" srcset=\"https:\/\/i0.wp.com\/olivinaevo.com\/wp-content\/uploads\/2024\/08\/Conteggio-di-parteciperesti-a-corsi-futuri_.png?w=600&amp;ssl=1 600w, https:\/\/i0.wp.com\/olivinaevo.com\/wp-content\/uploads\/2024\/08\/Conteggio-di-parteciperesti-a-corsi-futuri_.png?resize=300%2C186&amp;ssl=1 300w\" sizes=\"auto, (max-width: 600px) 100vw, 600px\" \/><\/figure>\n\n\n\n<figure class=\"wp-block-image size-full\"><img data-recalc-dims=\"1\" loading=\"lazy\" decoding=\"async\" width=\"600\" height=\"371\" src=\"https:\/\/i0.wp.com\/olivinaevo.com\/wp-content\/uploads\/2024\/08\/Conteggio-di-gli-argomenti-affrontati-sono-risultati-comprensibili_.png?resize=600%2C371&#038;ssl=1\" alt=\"\" class=\"wp-image-557\" srcset=\"https:\/\/i0.wp.com\/olivinaevo.com\/wp-content\/uploads\/2024\/08\/Conteggio-di-gli-argomenti-affrontati-sono-risultati-comprensibili_.png?w=600&amp;ssl=1 600w, https:\/\/i0.wp.com\/olivinaevo.com\/wp-content\/uploads\/2024\/08\/Conteggio-di-gli-argomenti-affrontati-sono-risultati-comprensibili_.png?resize=300%2C186&amp;ssl=1 300w\" sizes=\"auto, (max-width: 600px) 100vw, 600px\" \/><\/figure>\n\n\n\n<p><img decoding=\"async\" src=\"blob:https:\/\/olivinaevo.com\/e939e8a4-5675-476c-a233-518fca0002a9\" alt=\"Grafico delle risposte di Moduli. Titolo della domanda: sei rimasta\/o soddisfatto dal corso?. Numero di risposte: 10 risposte.\" style=\"width: 4px;\"><\/p>\n\n\n\n<p>Cosa aspetti? <strong>Candidati subito<\/strong> per la prossima edizione, compilando il modulo che segue.<\/p>\n\n\n\n<p><strong>Ti aspetto! <\/strong><\/p>\n\n\n\n<p><\/p>\n\n\n<div class=\"wp-block-jetpack-contact-form is-layout-flex wp-container-jetpack-contact-form-is-layout-b7ed9015 wp-block-jetpack-contact-form-is-layout-flex\"><a href=\"https:\/\/olivinaevo.com\/index.php\/experiences\/corso-di-olivicoltura-e-potatura-ulivi-con-allevamento-a-vaso-policonico\/\" target=\"_blank\" rel=\"noopener noreferrer\">Invia un modulo.<\/a><\/div>\n\n\n<p><\/p>\n<p>Views: 62<\/p>","protected":false},"excerpt":{"rendered":"<p>La Potatura degli ulivi \u00e8 una delle fasi pi\u00f9 costose per gli olivicoltori, sia in termini economici diretti che indiretti, poich\u00e8 l&#8217;errata potatura comporta una mancanza di produzione per diversi anni. La potatura deve essere fatta valutando la fisiologia della pianta, non \u00e8 sufficiente avere degli attrezzi con cui tagliare random ci\u00f2 che arbitrariamente ci [&hellip;]<\/p>\n","protected":false},"author":1,"featured_media":549,"parent":133,"menu_order":0,"comment_status":"closed","ping_status":"closed","template":"","meta":{"advanced_seo_description":"","jetpack_seo_html_title":"","jetpack_seo_noindex":false,"footnotes":""},"class_list":["post-541","page","type-page","status-publish","has-post-thumbnail","hentry"],"jetpack_likes_enabled":true,"jetpack-related-posts":[],"jetpack_sharing_enabled":true,"_links":{"self":[{"href":"https:\/\/olivinaevo.com\/index.php\/wp-json\/wp\/v2\/pages\/541","targetHints":{"allow":["GET"]}}],"collection":[{"href":"https:\/\/olivinaevo.com\/index.php\/wp-json\/wp\/v2\/pages"}],"about":[{"href":"https:\/\/olivinaevo.com\/index.php\/wp-json\/wp\/v2\/types\/page"}],"author":[{"embeddable":true,"href":"https:\/\/olivinaevo.com\/index.php\/wp-json\/wp\/v2\/users\/1"}],"replies":[{"embeddable":true,"href":"https:\/\/olivinaevo.com\/index.php\/wp-json\/wp\/v2\/comments?post=541"}],"version-history":[{"count":8,"href":"https:\/\/olivinaevo.com\/index.php\/wp-json\/wp\/v2\/pages\/541\/revisions"}],"predecessor-version":[{"id":748,"href":"https:\/\/olivinaevo.com\/index.php\/wp-json\/wp\/v2\/pages\/541\/revisions\/748"}],"up":[{"embeddable":true,"href":"https:\/\/olivinaevo.com\/index.php\/wp-json\/wp\/v2\/pages\/133"}],"wp:featuredmedia":[{"embeddable":true,"href":"https:\/\/olivinaevo.com\/index.php\/wp-json\/wp\/v2\/media\/549"}],"wp:attachment":[{"href":"https:\/\/olivinaevo.com\/index.php\/wp-json\/wp\/v2\/media?parent=541"}],"curies":[{"name":"wp","href":"https:\/\/api.w.org\/{rel}","templated":true}]}}