{"id":578,"date":"2024-09-06T12:01:10","date_gmt":"2024-09-06T10:01:10","guid":{"rendered":"https:\/\/olivinaevo.com\/?page_id=578"},"modified":"2026-01-18T16:10:11","modified_gmt":"2026-01-18T15:10:11","slug":"potatura-ulivi","status":"publish","type":"page","link":"https:\/\/olivinaevo.com\/index.php\/potatura-ulivi\/","title":{"rendered":"Potatura Ulivi"},"content":{"rendered":"\n<p>La potatura degli ulivi \u00e8 una pratica fondamentale per la produzione delle olive.<\/p>\n\n\n\n<p>Attraverso questa operazione \u00e8 possibile impostare la pianta per renderla facilmente gestibile, riducendo i costi e ottimizzando i guadagni.<\/p>\n\n\n\n<p>Olivina \u00e8 in grado di offrirti un servizio di potatura conto terzi, che ti permetter\u00e0 di impostare le piante, programmare i tagli futuri e ottimizzare le altre operazioni di produzione. <\/p>\n\n\n\n<p>Le piante saranno impostate a Vaso policonico, o sar\u00e0 eseguita una potatura semplificata e razionale con rispetto della pianta.<\/p>\n\n\n\n<p>Le operazioni di potatura saranno effettuate esclusivamente da terra, con l&#8217;ausilio di attrezzature telescopiche, in totale sicurezza.<\/p>\n\n\n\n<p>Per avere un preventivo personalizzato, compila il modulo o chiamami al 3488020632.<\/p>\n\n\n<div class=\"wp-block-jetpack-contact-form is-layout-flex wp-container-jetpack-contact-form-is-layout-b7ed9015 wp-block-jetpack-contact-form-is-layout-flex\"><a href=\"https:\/\/olivinaevo.com\/index.php\/potatura-ulivi\/\" target=\"_blank\" rel=\"noopener noreferrer\">Invia un modulo.<\/a><\/div>\n\n\n<figure class=\"wp-block-gallery has-nested-images columns-default is-cropped wp-block-gallery-1 is-layout-flex wp-block-gallery-is-layout-flex\">\n<figure class=\"wp-block-image size-large\"><img data-recalc-dims=\"1\" loading=\"lazy\" decoding=\"async\" width=\"1024\" height=\"718\" data-id=\"585\" src=\"https:\/\/i0.wp.com\/olivinaevo.com\/wp-content\/uploads\/2024\/09\/CCI_000013-1024x718.jpg?resize=1024%2C718&#038;ssl=1\" alt=\"\" class=\"wp-image-585\" srcset=\"https:\/\/i0.wp.com\/olivinaevo.com\/wp-content\/uploads\/2024\/09\/CCI_000013-scaled.jpg?resize=1024%2C718&amp;ssl=1 1024w, https:\/\/i0.wp.com\/olivinaevo.com\/wp-content\/uploads\/2024\/09\/CCI_000013-scaled.jpg?resize=300%2C210&amp;ssl=1 300w, https:\/\/i0.wp.com\/olivinaevo.com\/wp-content\/uploads\/2024\/09\/CCI_000013-scaled.jpg?resize=768%2C538&amp;ssl=1 768w, https:\/\/i0.wp.com\/olivinaevo.com\/wp-content\/uploads\/2024\/09\/CCI_000013-scaled.jpg?resize=1536%2C1077&amp;ssl=1 1536w, https:\/\/i0.wp.com\/olivinaevo.com\/wp-content\/uploads\/2024\/09\/CCI_000013-scaled.jpg?resize=2048%2C1435&amp;ssl=1 2048w, https:\/\/i0.wp.com\/olivinaevo.com\/wp-content\/uploads\/2024\/09\/CCI_000013-scaled.jpg?resize=600%2C421&amp;ssl=1 600w\" sizes=\"auto, (max-width: 1000px) 100vw, 1000px\" \/><\/figure>\n<\/figure>\n\n\n\n<figure class=\"wp-block-gallery has-nested-images columns-default is-cropped wp-block-gallery-2 is-layout-flex wp-block-gallery-is-layout-flex\">\n<figure class=\"wp-block-image size-full\"><img data-recalc-dims=\"1\" loading=\"lazy\" decoding=\"async\" width=\"2560\" height=\"1794\" data-id=\"1633\" src=\"https:\/\/i0.wp.com\/olivinaevo.com\/wp-content\/uploads\/2026\/01\/CCI_000019-scaled.jpg?resize=2560%2C1794&#038;ssl=1\" alt=\"\" class=\"wp-image-1633\" srcset=\"https:\/\/i0.wp.com\/olivinaevo.com\/wp-content\/uploads\/2026\/01\/CCI_000019-scaled.jpg?w=2560&amp;ssl=1 2560w, https:\/\/i0.wp.com\/olivinaevo.com\/wp-content\/uploads\/2026\/01\/CCI_000019-scaled.jpg?resize=300%2C210&amp;ssl=1 300w, https:\/\/i0.wp.com\/olivinaevo.com\/wp-content\/uploads\/2026\/01\/CCI_000019-scaled.jpg?resize=1024%2C718&amp;ssl=1 1024w, https:\/\/i0.wp.com\/olivinaevo.com\/wp-content\/uploads\/2026\/01\/CCI_000019-scaled.jpg?resize=768%2C538&amp;ssl=1 768w, https:\/\/i0.wp.com\/olivinaevo.com\/wp-content\/uploads\/2026\/01\/CCI_000019-scaled.jpg?resize=1536%2C1077&amp;ssl=1 1536w, https:\/\/i0.wp.com\/olivinaevo.com\/wp-content\/uploads\/2026\/01\/CCI_000019-scaled.jpg?resize=2048%2C1435&amp;ssl=1 2048w, https:\/\/i0.wp.com\/olivinaevo.com\/wp-content\/uploads\/2026\/01\/CCI_000019-scaled.jpg?resize=600%2C421&amp;ssl=1 600w\" sizes=\"auto, (max-width: 1000px) 100vw, 1000px\" \/><\/figure>\n<\/figure>\n\n\n\n<figure class=\"wp-block-image size-large\"><img data-recalc-dims=\"1\" loading=\"lazy\" decoding=\"async\" width=\"2000\" height=\"1403\" src=\"https:\/\/i0.wp.com\/olivinaevo.com\/wp-content\/uploads\/2026\/01\/CCF_000403.pdf-edited.png?resize=2000%2C1403&#038;ssl=1\" alt=\"\" class=\"wp-image-1635\" srcset=\"https:\/\/i0.wp.com\/olivinaevo.com\/wp-content\/uploads\/2026\/01\/CCF_000403.pdf-edited.png?w=2000&amp;ssl=1 2000w, https:\/\/i0.wp.com\/olivinaevo.com\/wp-content\/uploads\/2026\/01\/CCF_000403.pdf-edited.png?resize=300%2C210&amp;ssl=1 300w, https:\/\/i0.wp.com\/olivinaevo.com\/wp-content\/uploads\/2026\/01\/CCF_000403.pdf-edited.png?resize=1024%2C718&amp;ssl=1 1024w, https:\/\/i0.wp.com\/olivinaevo.com\/wp-content\/uploads\/2026\/01\/CCF_000403.pdf-edited.png?resize=768%2C539&amp;ssl=1 768w, https:\/\/i0.wp.com\/olivinaevo.com\/wp-content\/uploads\/2026\/01\/CCF_000403.pdf-edited.png?resize=1536%2C1078&amp;ssl=1 1536w, https:\/\/i0.wp.com\/olivinaevo.com\/wp-content\/uploads\/2026\/01\/CCF_000403.pdf-edited.png?resize=600%2C421&amp;ssl=1 600w\" sizes=\"auto, (max-width: 1000px) 100vw, 1000px\" \/><\/figure>\n\n\n\n<figure class=\"wp-block-image size-large\"><img data-recalc-dims=\"1\" loading=\"lazy\" decoding=\"async\" width=\"718\" height=\"1024\" src=\"https:\/\/i0.wp.com\/olivinaevo.com\/wp-content\/uploads\/2026\/01\/CCF_000403.pdf-3-718x1024.png?resize=718%2C1024&#038;ssl=1\" alt=\"\" class=\"wp-image-1637\" srcset=\"https:\/\/i0.wp.com\/olivinaevo.com\/wp-content\/uploads\/2026\/01\/CCF_000403.pdf-3.png?resize=718%2C1024&amp;ssl=1 718w, https:\/\/i0.wp.com\/olivinaevo.com\/wp-content\/uploads\/2026\/01\/CCF_000403.pdf-3.png?resize=210%2C300&amp;ssl=1 210w, https:\/\/i0.wp.com\/olivinaevo.com\/wp-content\/uploads\/2026\/01\/CCF_000403.pdf-3.png?resize=768%2C1095&amp;ssl=1 768w, https:\/\/i0.wp.com\/olivinaevo.com\/wp-content\/uploads\/2026\/01\/CCF_000403.pdf-3.png?resize=1078%2C1536&amp;ssl=1 1078w, https:\/\/i0.wp.com\/olivinaevo.com\/wp-content\/uploads\/2026\/01\/CCF_000403.pdf-3.png?resize=600%2C855&amp;ssl=1 600w, https:\/\/i0.wp.com\/olivinaevo.com\/wp-content\/uploads\/2026\/01\/CCF_000403.pdf-3.png?w=1403&amp;ssl=1 1403w\" sizes=\"auto, (max-width: 718px) 100vw, 718px\" \/><\/figure>\n<p>Views: 115<\/p>","protected":false},"excerpt":{"rendered":"<p>La potatura degli ulivi \u00e8 una pratica fondamentale per la produzione delle olive. Attraverso questa operazione \u00e8 possibile impostare la pianta per renderla facilmente gestibile, riducendo i costi e ottimizzando i guadagni. Olivina \u00e8 in grado di offrirti un servizio di potatura conto terzi, che ti permetter\u00e0 di impostare le piante, programmare i tagli futuri [&hellip;]<\/p>\n","protected":false},"author":1,"featured_media":549,"parent":0,"menu_order":0,"comment_status":"closed","ping_status":"closed","template":"","meta":{"advanced_seo_description":"","jetpack_seo_html_title":"","jetpack_seo_noindex":false,"footnotes":""},"class_list":["post-578","page","type-page","status-publish","has-post-thumbnail","hentry"],"jetpack_likes_enabled":true,"jetpack-related-posts":[],"jetpack_sharing_enabled":true,"_links":{"self":[{"href":"https:\/\/olivinaevo.com\/index.php\/wp-json\/wp\/v2\/pages\/578","targetHints":{"allow":["GET"]}}],"collection":[{"href":"https:\/\/olivinaevo.com\/index.php\/wp-json\/wp\/v2\/pages"}],"about":[{"href":"https:\/\/olivinaevo.com\/index.php\/wp-json\/wp\/v2\/types\/page"}],"author":[{"embeddable":true,"href":"https:\/\/olivinaevo.com\/index.php\/wp-json\/wp\/v2\/users\/1"}],"replies":[{"embeddable":true,"href":"https:\/\/olivinaevo.com\/index.php\/wp-json\/wp\/v2\/comments?post=578"}],"version-history":[{"count":5,"href":"https:\/\/olivinaevo.com\/index.php\/wp-json\/wp\/v2\/pages\/578\/revisions"}],"predecessor-version":[{"id":1639,"href":"https:\/\/olivinaevo.com\/index.php\/wp-json\/wp\/v2\/pages\/578\/revisions\/1639"}],"wp:featuredmedia":[{"embeddable":true,"href":"https:\/\/olivinaevo.com\/index.php\/wp-json\/wp\/v2\/media\/549"}],"wp:attachment":[{"href":"https:\/\/olivinaevo.com\/index.php\/wp-json\/wp\/v2\/media?parent=578"}],"curies":[{"name":"wp","href":"https:\/\/api.w.org\/{rel}","templated":true}]}}