{"id":730,"date":"2024-11-28T15:39:22","date_gmt":"2024-11-28T14:39:22","guid":{"rendered":"https:\/\/olivinaevo.com\/?page_id=730"},"modified":"2024-11-28T15:39:26","modified_gmt":"2024-11-28T14:39:26","slug":"adozione-ulivi-programma","status":"publish","type":"page","link":"https:\/\/olivinaevo.com\/index.php\/adozione-ulivi-programma\/","title":{"rendered":"Adozione Ulivi &#8211; programma"},"content":{"rendered":"\n<p>Arcisitzu: 148 Ulivi quasi secolari, maestosi. Cultivar Ogliastrina. La loro adozione prevede un contributo di \u20ac 85,00.<\/p>\n\n\n\n<p>Ti racconter\u00f2 la sua storia, le sue caratteristiche e ti invier\u00f2 la posizione sulla mappa.<\/p>\n\n\n\n<p>Sull&#8217;ulivo sar\u00e0 apposta una targa con il nome che sceglierai per lui e riceverai un attestato di adozione.<\/p>\n\n\n\n<p>Riceverai le newsletter personalizzate che ti aiuteranno a seguire l\u2019anno produttivo e a conoscere nel dettaglio l\u2019olivicoltura tra storia, curiosit\u00e0 e tradizioni.<\/p>\n\n\n\n<p>Vivrai l&#8217;olivicoltura e la sua energia, pur non essendo in campo con me.<\/p>\n\n\n\n<p>L&#8217;adozione dura 1 anno, ( o comunque fino alla raccolta del frutto), e prevede la fornitura di un bag in box di 3 l di olio Extra Vergine di oliva.<\/p>\n\n\n\n<p>Le spese di spedizione sono a carico dell&#8217;adottante.&nbsp;<\/p>\n\n\n\n<p>Con l&#8217;adozione di 3 o pi\u00f9 Ulivi avr\u00f2 il piacere di omaggiarvi io le spese di spedizione ( inviare 3 o pi\u00f9 box presso lo stesso indirizzo riduce le emissioni di gas serra in atmosfera, pertanto mi fa piacere incentivarlo.)&nbsp;<\/p>\n\n\n\n<p>La spedizione \u00e8 omaggiata anche se il numero multiplo di ulivi \u00e8 destinato ad un gruppo di acquisto che effettua un unico pagamento ( anche se gli adottanti saranno di pi\u00f9) e purch\u00e8 richiedano la spedizione presso un unico indirizzo.&nbsp;<\/p>\n\n\n\n<p>Sant&#8217;Efisio:&nbsp;<\/p>\n\n\n\n<p>Uliveto composto da 60 piante, cultivar Bosana. Et\u00e0 media 40 anni. La loro adozione prevede un contributo di \u20ac 85,00.<\/p>\n\n\n\n<p>Sull&#8217;ulivo sar\u00e0 apposta una targa con il nome che sceglierai per lui e riceverai un attestato di adozione.<\/p>\n\n\n\n<p>Riceverai le newsletter personalizzate che ti aiuteranno a seguire l\u2019anno produttivo e a conoscere nel dettaglio l\u2019olivicoltura tra storia, curiosit\u00e0 e tradizioni.<\/p>\n\n\n\n<p>Vivrai l&#8217;olivicoltura e la sua energia, pur non essendo in campo con me.<\/p>\n\n\n\n<p>L&#8217;adozione dura 1 anno,( o comunque fino alla raccolta del frutto), e prevede la fornitura di un bag in box di 3 l di olio Extra Vergine di oliva.<\/p>\n\n\n\n<p>Le spese di spedizione sono a carico dell&#8217;adottante.&nbsp;<\/p>\n\n\n\n<p>Con l&#8217;adozione di 3 o pi\u00f9 Ulivi avr\u00f2 il piacere di omaggiarvi io le spese di spedizione ( inviare 3 o pi\u00f9 box presso lo stesso indirizzo riduce le emissioni di gas serra in atmosfera, pertanto mi fa piacere incentivarlo.)&nbsp;<\/p>\n\n\n\n<p>La spedizione \u00e8 omaggiata anche se il numero multiplo di ulivi \u00e8 destinato ad un gruppo di acquisto che effettua un unico pagamento ( anche se gli adottanti saranno di pi\u00f9) e purch\u00e8 richiedano la spedizione presso un unico indirizzo.&nbsp;<\/p>\n\n\n\n<p>Padentinu<\/p>\n\n\n\n<p>Uliveto composto da 130 piante cultivar Bosana e semidana. Et\u00e0 media 40 anni. La loro adozione prevede un contributo di \u20ac 85,00.<\/p>\n\n\n\n<p>Sull&#8217;ulivo sar\u00e0 apposta una targa con il nome che sceglierai per lui e riceverai un attestato di adozione.<\/p>\n\n\n\n<p>Riceverai le newsletter personalizzate che ti aiuteranno a seguire l\u2019anno produttivo e a conoscere nel dettaglio l\u2019olivicoltura tra storia, curiosit\u00e0 e tradizioni.<\/p>\n\n\n\n<p>Vivrai l&#8217;olivicoltura e la sua energia, pur non essendo in campo con me.<\/p>\n\n\n\n<p>L&#8217;adozione dura 1 anno ( o comunque fino alla raccolta del frutto), e prevede la fornitura di un bag in box di 3 l di olio Extra Vergine di oliva.<\/p>\n\n\n\n<p>Le spese di spedizione sono a carico dell&#8217;adottante.&nbsp;<\/p>\n\n\n\n<p>Con l&#8217;adozione di 3 o pi\u00f9 Ulivi avr\u00f2 il piacere di omaggiarvi io le spese di spedizione ( inviare 3 o pi\u00f9 box presso lo stesso indirizzo riduce le emissioni di gas serra in atmosfera, pertanto mi fa piacere incentivarlo.)&nbsp;<\/p>\n\n\n\n<p>La spedizione \u00e8 omaggiata anche se il numero multiplo di ulivi \u00e8 destinato ad un gruppo di acquisto che effettua un unico pagamento ( anche se gli adottanti saranno di pi\u00f9) e purch\u00e8 richiedano la spedizione presso un unico indirizzo.&nbsp;<\/p>\n\n\n\n<p>Padentinu 2<\/p>\n\n\n\n<p>Uliveto composto da 45 piante cultivar Bosana. Et\u00e0 media 15 anni. La loro adozione prevede un contributo di \u20ac 50,00.<\/p>\n\n\n\n<p>Sull&#8217;ulivo sar\u00e0 apposta una targa con il nome che sceglierai per lui e riceverai un attestato di adozione.<\/p>\n\n\n\n<p>Riceverai le newsletter personalizzate che ti aiuteranno a seguire l\u2019anno produttivo e a conoscere nel dettaglio l\u2019olivicoltura tra storia, curiosit\u00e0 e tradizioni.<\/p>\n\n\n\n<p>Vivrai l&#8217;olivicoltura e la sua energia, pur non essendo in campo con me.<\/p>\n\n\n\n<p>L&#8217;adozione dura 1 anno ( o comunque fino alla raccolta del frutto), e prevede la fornitura di una latta bottiglia di 0,75 l di olio Extra Vergine di oliva.<\/p>\n\n\n\n<p>Le spese di spedizione sono a carico dell&#8217;adottante.&nbsp;<\/p>\n\n\n\n<p>Con l&#8217;adozione di 5 o pi\u00f9 Ulivi avr\u00f2 il piacere di omaggiarvi io le spese di spedizione ( inviare 5 o pi\u00f9 bottiglie presso lo stesso indirizzo riduce le emissioni di gas serra in atmosfera, pertanto mi fa piacere incentivarlo.)&nbsp;<\/p>\n\n\n\n<p>La spedizione \u00e8 omaggiata anche se il numero multiplo di ulivi \u00e8 destinato ad un gruppo di acquisto che effettua un unico pagamento ( anche se gli adottanti saranno di pi\u00f9) e purch\u00e8 richiedano la spedizione presso un unico indirizzo.&nbsp;<\/p>\n\n\n\n<p>Mull\u00f2<\/p>\n\n\n\n<p>Uliveto composto da 100 piante cultivar Bosana. Et\u00e0 media 15 anni. La loro adozione prevede un contributo di \u20ac 50,00.<\/p>\n\n\n\n<p>Sull&#8217;ulivo sar\u00e0 apposta una targa con il nome che sceglierai per lui e riceverai un attestato di adozione.<\/p>\n\n\n\n<p>Riceverai le newsletter personalizzate che ti aiuteranno a seguire l\u2019anno produttivo e a conoscere nel dettaglio l\u2019olivicoltura tra storia, curiosit\u00e0 e tradizioni.<\/p>\n\n\n\n<p>Vivrai l&#8217;olivicoltura e la sua energia, pur non essendo in campo con me.<\/p>\n\n\n\n<p>L&#8217;adozione dura 1 anno ( o comunque fino alla raccolta del frutto), e prevede la fornitura di una latta bottiglia di 0,75 l di olio Extra Vergine di oliva.<\/p>\n\n\n\n<p>Le spese di spedizione sono a carico dell&#8217;adottante.&nbsp;<\/p>\n\n\n\n<p>Con l&#8217;adozione di 5 o pi\u00f9 Ulivi avr\u00f2 il piacere di omaggiarvi io le spese di spedizione ( inviare 5 o pi\u00f9 bottiglie presso lo stesso indirizzo riduce le emissioni di gas serra in atmosfera, pertanto mi fa piacere incentivarlo.)&nbsp;<\/p>\n\n\n\n<p>La spedizione \u00e8 omaggiata anche se il numero multiplo di ulivi \u00e8 destinato ad un gruppo di acquisto che effettua un unico pagamento ( anche se gli adottanti saranno di pi\u00f9) e purch\u00e8 richiedano la spedizione presso un unico indirizzo.&nbsp;<\/p>\n\n\n\n<p>L&#8217;adozione ti permetter\u00e0 di vivere con me l&#8217;anno produttivo: ti racconter\u00f2 ogni dettaglio delle operazioni in campo!!<\/p>\n\n\n\n<p>In attesa di un tuo gentile riscontro, ti mando un caro saluto dalla Sardegna<\/p>\n<p>Views: 182<\/p>","protected":false},"excerpt":{"rendered":"<p>Arcisitzu: 148 Ulivi quasi secolari, maestosi. Cultivar Ogliastrina. La loro adozione prevede un contributo di \u20ac 85,00. Ti racconter\u00f2 la sua storia, le sue caratteristiche e ti invier\u00f2 la posizione sulla mappa. Sull&#8217;ulivo sar\u00e0 apposta una targa con il nome che sceglierai per lui e riceverai un attestato di adozione. Riceverai le newsletter personalizzate che [&hellip;]<\/p>\n","protected":false},"author":1,"featured_media":0,"parent":0,"menu_order":0,"comment_status":"closed","ping_status":"closed","template":"","meta":{"advanced_seo_description":"","jetpack_seo_html_title":"","jetpack_seo_noindex":false,"footnotes":""},"class_list":["post-730","page","type-page","status-publish","hentry"],"jetpack_likes_enabled":true,"jetpack-related-posts":[],"jetpack_sharing_enabled":true,"_links":{"self":[{"href":"https:\/\/olivinaevo.com\/index.php\/wp-json\/wp\/v2\/pages\/730","targetHints":{"allow":["GET"]}}],"collection":[{"href":"https:\/\/olivinaevo.com\/index.php\/wp-json\/wp\/v2\/pages"}],"about":[{"href":"https:\/\/olivinaevo.com\/index.php\/wp-json\/wp\/v2\/types\/page"}],"author":[{"embeddable":true,"href":"https:\/\/olivinaevo.com\/index.php\/wp-json\/wp\/v2\/users\/1"}],"replies":[{"embeddable":true,"href":"https:\/\/olivinaevo.com\/index.php\/wp-json\/wp\/v2\/comments?post=730"}],"version-history":[{"count":1,"href":"https:\/\/olivinaevo.com\/index.php\/wp-json\/wp\/v2\/pages\/730\/revisions"}],"predecessor-version":[{"id":731,"href":"https:\/\/olivinaevo.com\/index.php\/wp-json\/wp\/v2\/pages\/730\/revisions\/731"}],"wp:attachment":[{"href":"https:\/\/olivinaevo.com\/index.php\/wp-json\/wp\/v2\/media?parent=730"}],"curies":[{"name":"wp","href":"https:\/\/api.w.org\/{rel}","templated":true}]}}